{"id":68,"date":"2015-02-12T11:58:23","date_gmt":"2015-02-12T10:58:23","guid":{"rendered":"http:\/\/lernforum.com\/WordPress_02\/?page_id=68"},"modified":"2022-02-01T09:17:49","modified_gmt":"2022-02-01T08:17:49","slug":"unterricht","status":"publish","type":"page","link":"http:\/\/lernforum.com\/WordPress_02\/unterricht\/","title":{"rendered":"Unterricht"},"content":{"rendered":"<p><strong><a href=\"http:\/\/lernforum.com\/WordPress_02\/wp-content\/uploads\/2015\/02\/unterricht_350Fotolia_56144.jpg\"><img loading=\"lazy\" class=\" size-full wp-image-260 alignleft\" src=\"http:\/\/lernforum.com\/WordPress_02\/wp-content\/uploads\/2015\/02\/unterricht_350Fotolia_56144.jpg\" alt=\"unterricht_350Fotolia_56144\" width=\"350\" height=\"234\" srcset=\"http:\/\/lernforum.com\/WordPress_02\/wp-content\/uploads\/2015\/02\/unterricht_350Fotolia_56144.jpg 350w, http:\/\/lernforum.com\/WordPress_02\/wp-content\/uploads\/2015\/02\/unterricht_350Fotolia_56144-300x201.jpg 300w\" sizes=\"(max-width: 350px) 100vw, 350px\" \/><\/a>Unterricht ist beim Lernforum auf die Pers\u00f6nlichkeit des Lernenden und auf die Anforderungen des jeweiligen Faches zugeschnitten.<\/strong><\/p>\n<p>Wir haben sowohl bei Sch\u00fclerinnen und Sch\u00fclern als auch bei Studierenden und Berufst\u00e4tigen die besten Erfahrungen mit <strong>Kleingruppen<\/strong>, <strong>Zweiergruppen<\/strong> und <strong>Einzelunterricht<\/strong> gemacht. Entscheidend ist, dass zu Beginn jeweils im pers\u00f6nlichen Gespr\u00e4ch die Voraussetzungen, Vorkenntnisse und F\u00e4higkeiten (etwa im Hinblick auf Kommunikation und Konzentration) ausgelotet und in Beziehung zum gew\u00fcnschten Lernziel, der Lerngeschwindigkeit und den Anforderungen des Faches gesetzt werden.<strong><br \/>\n<\/strong><\/p>\n<p><strong>Kleingruppe (3-5 Personen)<\/strong><br \/>\nKleingruppenunterricht im Lernforum dauert <strong>90 Minuten<\/strong>. Jede Kleingruppe stellen wir individuell zusammen.&nbsp; Dabei spielen das Alter, die besuchte Schule, das jeweilige Fach, aber auch die Pers\u00f6nlichkeit der Sch\u00fcler eine Rolle.<br \/>\nDas gemeinsame Lernen macht Spa\u00df und baut Hemmungen ab. So l\u00e4sst sich in einem angst- und stressfreien Rahmen das Sprechen vor anderen \u00fcben. Das geschieht bei der m\u00fcndlichen Mitarbeit, aber auch beim Vortrag kurzer Referate und Pr\u00e4sentationen. Selbst das Rechnen an der Tafel f\u00e4llt im kleinen Kreis viel leichter. Wer etwas nicht verstanden hat, fragt nach. So w\u00e4chst das Selbstbewusstsein.<\/p>\n<p><strong>Zweiergruppe<\/strong><br \/>\nEine Unterrichtsstunde zu zweit dauert <strong>60 Minuten<\/strong>. Diese Lernform ist besonders wirkungsvoll. Im Unterricht kann unsere Lehrkraft noch st\u00e4rker auf die beiden lernenden Personen eingehen. F\u00e4cher, in denen umfassende m\u00fcndliche Erkl\u00e4rungen notwendig sind und in denen das direkte Gespr\u00e4ch zwischen Lehrkaft und Lernendem einen gro\u00dfen Teil des Unterrichtes bestimmt, finden bei uns maximal in Zweiergruppen statt: <strong>Naturwissenschaften<\/strong>, <strong>Latein<\/strong>, <strong>Geschichte<\/strong>, <strong>Erdkunde<\/strong> und&nbsp; andere. Nat\u00fcrlich bietet sich diese Unterrichtsform auch f\u00fcr solche Sch\u00fcler an, die sich in gr\u00f6\u00dferen Konstellation nicht wohlf\u00fchlen. Ideal ist die Zweiergruppe f\u00fcr Sch\u00fclerinnen und Sch\u00fcler der<strong> Oberstufe<\/strong> sowie bei <strong>intensiven Sprachkursen f\u00fcr Erwachsene<\/strong>.<\/p>\n<p><strong>Einzelunterricht<\/strong><br \/>\nIndividualunterricht ist besonders intensiv und effizient. Die Unterrichtsstunde dauert <strong>45<\/strong> oder <strong>60 Minuten<\/strong>. Vers\u00e4umter Unterrichtsstoff, z.B. wegen l\u00e4ngerer Krankheit, l\u00e4sst sich z\u00fcgig aufarbeiten. Auch bei der Vorbereitung auf einen Schulwechsel kann diese Unterrichtsform sinnvoll sein. Wie auch die Zweierlerngruppe, so ist Einzelunterricht wichtig und wirksam&nbsp; in F\u00e4chern, in denen es darauf ankommt, dass unsere Lehrkraft viele Zusammenh\u00e4nge und Details selbst erkl\u00e4rt: also in den <strong>Naturwissenschaften<\/strong>, in <strong>Erdkunde<\/strong> sowie in <strong>Geschichte<\/strong> und <strong>Latein<\/strong>, wo es oft notwendig ist, erg\u00e4nzende Details zum Lehrbuch zu vermitteln oder komplexen Unterrichtsstoff durch eigene Erkl\u00e4rungen zu veranschaulichen. Sinnvoll ist Individualunterricht auch in den sprachlichen F\u00e4chern f\u00fcr Sch\u00fclerinnen und Sch\u00fcler der <strong>Oberstufe<\/strong>, die sich intensiv mit <strong>Literatur<\/strong> auseinandersetzen m\u00f6chten.<\/p>\n","protected":false},"excerpt":{"rendered":"<p>Unterricht ist beim Lernforum auf die Pers\u00f6nlichkeit des Lernenden und auf die Anforderungen des jeweiligen Faches zugeschnitten. Wir haben sowohl bei Sch\u00fclerinnen und Sch\u00fclern als auch bei Studierenden und Berufst\u00e4tigen die besten Erfahrungen mit Kleingruppen, &hellip; <a href=\"http:\/\/lernforum.com\/WordPress_02\/unterricht\/\">Weiterlesen<\/a><\/p>\n","protected":false},"author":1,"featured_media":0,"parent":0,"menu_order":4,"comment_status":"closed","ping_status":"closed","template":"","meta":[],"_links":{"self":[{"href":"http:\/\/lernforum.com\/WordPress_02\/wp-json\/wp\/v2\/pages\/68"}],"collection":[{"href":"http:\/\/lernforum.com\/WordPress_02\/wp-json\/wp\/v2\/pages"}],"about":[{"href":"http:\/\/lernforum.com\/WordPress_02\/wp-json\/wp\/v2\/types\/page"}],"author":[{"embeddable":true,"href":"http:\/\/lernforum.com\/WordPress_02\/wp-json\/wp\/v2\/users\/1"}],"replies":[{"embeddable":true,"href":"http:\/\/lernforum.com\/WordPress_02\/wp-json\/wp\/v2\/comments?post=68"}],"version-history":[{"count":18,"href":"http:\/\/lernforum.com\/WordPress_02\/wp-json\/wp\/v2\/pages\/68\/revisions"}],"predecessor-version":[{"id":588,"href":"http:\/\/lernforum.com\/WordPress_02\/wp-json\/wp\/v2\/pages\/68\/revisions\/588"}],"wp:attachment":[{"href":"http:\/\/lernforum.com\/WordPress_02\/wp-json\/wp\/v2\/media?parent=68"}],"curies":[{"name":"wp","href":"https:\/\/api.w.org\/{rel}","templated":true}]}}