{"id":50,"date":"2015-01-03T14:35:31","date_gmt":"2015-01-03T13:35:31","guid":{"rendered":"http:\/\/lernforum.com\/WordPress_02\/?page_id=50"},"modified":"2022-02-01T09:17:58","modified_gmt":"2022-02-01T08:17:58","slug":"team","status":"publish","type":"page","link":"http:\/\/lernforum.com\/WordPress_02\/team\/","title":{"rendered":"Team"},"content":{"rendered":"<h2>&nbsp;Lehrkr\u00e4fte und Unterrichtsf\u00e4cher<\/h2>\n<table style=\"height: 748px;\" width=\"822\">\n<thead>\n<tr>\n<td style=\"width: 190px;\"><strong>Klaus Hedwig<\/strong><\/td>\n<td>Mathematik, Physik, Chemie<\/td>\n<\/tr>\n<\/thead>\n<tbody>\n<tr>\n<td style=\"width: 190px;\"><strong>Michaela H\u00f6vermann<\/strong><\/td>\n<td>Englisch, Deutsch, Erwachsenenbildung, Bewerbungstraining, Business English<\/td>\n<\/tr>\n<tr>\n<td style=\"width: 190px;\"><strong>Tessa J\u00fcnemann<\/strong><\/td>\n<td>BRC, RW, Deutsch, Englisch<\/td>\n<\/tr>\n<tr>\n<td style=\"width: 190px;\"><strong>Joy Kassing<\/strong><\/td>\n<td>Englisch, Franz\u00f6sisch, Deutsch<\/td>\n<\/tr>\n<tr>\n<td style=\"width: 190px;\"><strong>Sabrina Krieger<\/strong><\/td>\n<td>Latein, Englisch, Franz\u00f6sisch, Deutsch<\/td>\n<\/tr>\n<tr>\n<td style=\"width: 190px;\"><strong>Andr\u00e9 Kutzsche<\/strong><\/td>\n<td>Mathematik<\/td>\n<\/tr>\n<tr>\n<td style=\"width: 190px;\"><strong>Anja Kutzsche<\/strong><\/td>\n<td>Mathematik<\/td>\n<\/tr>\n<tr>\n<td style=\"width: 190px;\"><strong>Almut Mackensen<\/strong><\/td>\n<td>Englisch, Deutsch, Mathematik, Biologie, Chemie, Physik, Erdkunde, Geschichte, Politik bis Klasse 10<\/td>\n<\/tr>\n<tr>\n<td style=\"width: 190px;\"><strong>Michael M\u00fcller<\/strong><\/td>\n<td>Mathematik, Physik, Chemie, Biologie, IV<\/td>\n<\/tr>\n<tr>\n<td style=\"width: 190px;\"><strong>Emine Okay<\/strong><\/td>\n<td><span class=\"_5yl5\">Deutsch als Fremdsprache, Englisch, Deutsch<\/span><\/td>\n<\/tr>\n<tr>\n<td style=\"width: 190px;\"><strong>Irmgard Schmidt<\/strong><\/td>\n<td>Deutsch, Mathematik, Sozialkunde GS, Deutsch f\u00fcr Legasthenie<\/td>\n<\/tr>\n<tr>\n<td style=\"width: 190px;\"><strong>Katja T\u00f6pperwein<\/strong><\/td>\n<td>Englisch, Deutsch, Latein, Mathematik<\/td>\n<\/tr>\n<\/tbody>\n<\/table>\n<div>Weitere F\u00e4cher auf Anfrage.<\/div>\n<div><\/div>\n","protected":false},"excerpt":{"rendered":"<p>&nbsp;Lehrkr\u00e4fte und Unterrichtsf\u00e4cher Klaus Hedwig Mathematik, Physik, Chemie Michaela H\u00f6vermann Englisch, Deutsch, Erwachsenenbildung, Bewerbungstraining, Business English Tessa J\u00fcnemann BRC, RW, Deutsch, Englisch Joy Kassing Englisch, Franz\u00f6sisch, Deutsch Sabrina Krieger Latein, Englisch, Franz\u00f6sisch, Deutsch Andr\u00e9 Kutzsche &hellip; <a href=\"http:\/\/lernforum.com\/WordPress_02\/team\/\">Weiterlesen<\/a><\/p>\n","protected":false},"author":1,"featured_media":0,"parent":0,"menu_order":5,"comment_status":"closed","ping_status":"closed","template":"","meta":[],"_links":{"self":[{"href":"http:\/\/lernforum.com\/WordPress_02\/wp-json\/wp\/v2\/pages\/50"}],"collection":[{"href":"http:\/\/lernforum.com\/WordPress_02\/wp-json\/wp\/v2\/pages"}],"about":[{"href":"http:\/\/lernforum.com\/WordPress_02\/wp-json\/wp\/v2\/types\/page"}],"author":[{"embeddable":true,"href":"http:\/\/lernforum.com\/WordPress_02\/wp-json\/wp\/v2\/users\/1"}],"replies":[{"embeddable":true,"href":"http:\/\/lernforum.com\/WordPress_02\/wp-json\/wp\/v2\/comments?post=50"}],"version-history":[{"count":26,"href":"http:\/\/lernforum.com\/WordPress_02\/wp-json\/wp\/v2\/pages\/50\/revisions"}],"predecessor-version":[{"id":589,"href":"http:\/\/lernforum.com\/WordPress_02\/wp-json\/wp\/v2\/pages\/50\/revisions\/589"}],"wp:attachment":[{"href":"http:\/\/lernforum.com\/WordPress_02\/wp-json\/wp\/v2\/media?parent=50"}],"curies":[{"name":"wp","href":"https:\/\/api.w.org\/{rel}","templated":true}]}}