{"id":47,"date":"2015-01-03T14:19:32","date_gmt":"2015-01-03T13:19:32","guid":{"rendered":"http:\/\/lernforum.com\/WordPress_02\/?page_id=47"},"modified":"2022-02-01T09:17:30","modified_gmt":"2022-02-01T08:17:30","slug":"angebot","status":"publish","type":"page","link":"http:\/\/lernforum.com\/WordPress_02\/angebot\/","title":{"rendered":"Angebot"},"content":{"rendered":"<h3>Ihre Bildungsziele<\/h3>\n<p><a href=\"http:\/\/lernforum.com\/WordPress_02\/wp-content\/uploads\/2015\/01\/angebot350Fotolia_72446907_.jpg\"><img loading=\"lazy\" class=\" size-full wp-image-262 alignleft\" src=\"http:\/\/lernforum.com\/WordPress_02\/wp-content\/uploads\/2015\/01\/angebot350Fotolia_72446907_.jpg\" alt=\"angebot350Fotolia_72446907_\" width=\"350\" height=\"216\" srcset=\"http:\/\/lernforum.com\/WordPress_02\/wp-content\/uploads\/2015\/01\/angebot350Fotolia_72446907_.jpg 350w, http:\/\/lernforum.com\/WordPress_02\/wp-content\/uploads\/2015\/01\/angebot350Fotolia_72446907_-300x185.jpg 300w\" sizes=\"(max-width: 350px) 100vw, 350px\" \/><\/a><strong>Verschiedene Zielgruppen haben unterschiedliche Bildungsziele. Beim Lernforum sind Sie richtig, wenn Sie sich in der Schule verbessern oder in Ihrer Ausbildung bzw. Ihrem Studium erfolgreicher werden m\u00f6chten.<\/strong><\/p>\n<p>Aber auch berufliche Anforderungen bleiben nicht stehen. Kontinuierliche Bereitschaft zum Lernen wird auf dem Arbeitsmarkt heute in vielen Berufsfeldern vorausgesetzt. Ihr Lernforum l\u00e4sst Sie damit nicht allein. Wir sorgen f\u00fcr Ihr pers\u00f6nliches Wissens-Update. Und&nbsp; wenn es darum geht, aus ganz individuellen <strong>privaten<\/strong> Gr\u00fcnden Interessantes hinzuzulernen, etwa f\u00fcr Ihre <strong>Urlaubsreise<\/strong> oder um den Dingen des Alltags auf den Grund zu gehen, so sind wir Ihnen auch hier ein hilfreicher Partner.<\/p>\n<p>Die folgenden \u00dcbersichten sollen dazu dienen, Ihnen eine strukturierte Orientierung \u00fcber unser <strong>Lern- und Studienangebot<\/strong> zu geben. Die einzelnen Angebotsbestandteile \u00fcberlappen dabei teilweise. So sind die Sprachmodule und die berufsbezogenen F\u00e4cher selbstverst\u00e4ndlich auch von Auszubildenden und Studierenden belegbar. Sprechen Sie uns einfach an \u2013 wir schn\u00fcren Ihr <strong>ma\u00dfgeschneidertes Bildungspaket<\/strong>.<\/p>\n<h3>Schule \u2013 Berufsausbildung \u2013 Studium<\/h3>\n<p>Unsere Lehrkr\u00e4fte unterrichten folgende F\u00e4cher f\u00fcr Sch\u00fclerInnen, Auszubildende und Studierende:<\/p>\n<ul>\n<li>Biologie<\/li>\n<li>Betriebswirtschaft, Rechnungswesen, Controlling (BRC)<\/li>\n<li>Chemie<\/li>\n<li>Deutsch<\/li>\n<li>Englisch<\/li>\n<li>Erdkunde<\/li>\n<li>Franz\u00f6sisch<\/li>\n<li>Geschichte<\/li>\n<li>Informationsverarbeitung (IV) bzw. Informatik<\/li>\n<li>Latein<\/li>\n<li>Mathematik<\/li>\n<li>Musik<\/li>\n<li>P\u00e4dagogik<\/li>\n<li>Physik<\/li>\n<li>Psychologie<\/li>\n<li>Rechnungswesen<\/li>\n<li>Technik<\/li>\n<\/ul>\n<p>Weitere F\u00e4cher gern auf Anfrage.<\/p>\n<h3>Erwachsenenbildung<\/h3>\n<h5><strong>Sprachen<\/strong><\/h5>\n<ul>\n<li>Alphabetisierung<\/li>\n<li>Neue deutsche Rechtschreibung<\/li>\n<li>Deutsch als Fremdsprache (DaF)<\/li>\n<li>Business English<\/li>\n<li>English f\u00fcr Wiedereinsteiger<\/li>\n<li>English Conversation<\/li>\n<li>English Grammar<\/li>\n<li>Vorbereitung auf Auslandsjahre (High School, Au-Pair, Work &amp; Travel)<\/li>\n<\/ul>\n<h5><strong>Berufsbezogene F\u00e4cher<\/strong><\/h5>\n<ul style=\"list-style-type: disc;\">\n<li>Betriebswirtschaft, Rechnungswesen, Controlling (BRC)<\/li>\n<li>Rechnungswesen<\/li>\n<li>Mathematik f\u00fcr Wiedereinsteiger<\/li>\n<\/ul>\n<h5><strong>Bewerbungstraining<\/strong><\/h5>\n<p>&nbsp;<\/p>\n","protected":false},"excerpt":{"rendered":"<p>Ihre Bildungsziele Verschiedene Zielgruppen haben unterschiedliche Bildungsziele. Beim Lernforum sind Sie richtig, wenn Sie sich in der Schule verbessern oder in Ihrer Ausbildung bzw. Ihrem Studium erfolgreicher werden m\u00f6chten. Aber auch berufliche Anforderungen bleiben nicht &hellip; <a href=\"http:\/\/lernforum.com\/WordPress_02\/angebot\/\">Weiterlesen<\/a><\/p>\n","protected":false},"author":1,"featured_media":0,"parent":0,"menu_order":2,"comment_status":"closed","ping_status":"closed","template":"","meta":[],"_links":{"self":[{"href":"http:\/\/lernforum.com\/WordPress_02\/wp-json\/wp\/v2\/pages\/47"}],"collection":[{"href":"http:\/\/lernforum.com\/WordPress_02\/wp-json\/wp\/v2\/pages"}],"about":[{"href":"http:\/\/lernforum.com\/WordPress_02\/wp-json\/wp\/v2\/types\/page"}],"author":[{"embeddable":true,"href":"http:\/\/lernforum.com\/WordPress_02\/wp-json\/wp\/v2\/users\/1"}],"replies":[{"embeddable":true,"href":"http:\/\/lernforum.com\/WordPress_02\/wp-json\/wp\/v2\/comments?post=47"}],"version-history":[{"count":46,"href":"http:\/\/lernforum.com\/WordPress_02\/wp-json\/wp\/v2\/pages\/47\/revisions"}],"predecessor-version":[{"id":556,"href":"http:\/\/lernforum.com\/WordPress_02\/wp-json\/wp\/v2\/pages\/47\/revisions\/556"}],"wp:attachment":[{"href":"http:\/\/lernforum.com\/WordPress_02\/wp-json\/wp\/v2\/media?parent=47"}],"curies":[{"name":"wp","href":"https:\/\/api.w.org\/{rel}","templated":true}]}}