{"id":36,"date":"2015-01-03T13:44:47","date_gmt":"2015-01-03T12:44:47","guid":{"rendered":"http:\/\/lernforum.com\/WordPress_02\/?page_id=36"},"modified":"2022-02-01T09:17:21","modified_gmt":"2022-02-01T08:17:21","slug":"willkommen-im-lernforum","status":"publish","type":"page","link":"http:\/\/lernforum.com\/WordPress_02\/","title":{"rendered":"Willkommen im Lernforum"},"content":{"rendered":"<p><strong>Ihr Bildungsinstitut im Herzen von Osterode<\/strong><strong><br \/>\n<\/strong>In freundlicher und entspannter Atmosph\u00e4re bieten wir seit \u00fcber 25 Jahren Kindern, Jugendlichen und Erwachsenen Nachhilfe, Sprachunterricht und Bewerbungstraining an. Unterricht findet montags bis freitags zwischen 9.00 und 21.00 Uhr in unseren gut erreichbaren R\u00e4umen im Herzen von Osterode, am Kornmarkt 19, statt. Mehrere Lehrkr\u00e4fte stehen Ihnen mit Rat und Tat zur Seite. Bei uns lernen Sie in Klein- bzw. Zweiergruppen oder auch im Einzelunterricht. Selbstverst\u00e4ndlich akzeptieren wir Bildungsgutscheine.<\/p>\n<h3>Jugendliche und junge Erwachsene<\/h3>\n<p>Wir erteilen qualifizierte Nachhilfe f\u00fcr Sch\u00fclerinnen und Sch\u00fcler <strong>aller Schulformen<\/strong> und <strong>Klassen<\/strong>. Dies umfasst auch die F\u00f6rderung bei <strong>Legasthenie<\/strong>.<br \/>\nUnsere Lehrkr\u00e4fte helfen bei der sorgf\u00e4ltigen und zuverl\u00e4ssigen Erledigung der <strong>Hausaufgaben<\/strong>. Sie bereiten effektiv auf die<strong> Abschlusspr\u00fcfung<\/strong> an der Haupt-, der Real- und der Oberschule vor oder unterst\u00fctzen die Sch\u00fclerinnen und Sch\u00fcler bei der Vorbereitung aufs <strong>Abitur<\/strong> bzw. <strong>Fachabitur<\/strong>.<br \/>\nNach dem Schulabschluss stehen unsere Lehrkr\u00e4fte in Ausbildung und Studium zur Verf\u00fcgung, wenn Unterrichtsstoff angeeignet und f\u00fcr Pr\u00fcfungen oder Hausarbeiten abgerufen werden muss. Klar, dass wir auch Fach- und Studienarbeiten kritisch unter die Lupe nehmen und korrigieren.<\/p>\n<h3>Erwachsenenbildung<\/h3>\n<p>Das Lernforum bietet Ihnen qualifizierten <strong>Englischunterricht<\/strong> f\u00fcr Ihren individuellen Bedarf: von der Ausbildung (Au-Pair-Aufenthalte oder High-School-Jahr) \u00fcber Beruf und Arbeit bis hin zu Urlaubs- oder Studienreisen.<br \/>\nIm Fach <strong>Deutsch als Fremdsprache<\/strong> hilft unsere DaF-Lehrkaft bei der Aneignung solider und praxisorientierter Sprachkompetenz.<br \/>\nIn unserem <strong>Bewerbungstraining<\/strong> zeigen wir Ihnen, wie Sie gute Bewerbungen verfassen. Ihr Trainer bereitet Sie auf Ihre optimale Selbstpr\u00e4sentation im Vorstellungsgespr\u00e4ch vor und schult Sie bei Bedarf effizient f\u00fcr die erfolgreiche Teilnahme an Competence Centers und anderen Einstellungstests.<\/p>\n","protected":false},"excerpt":{"rendered":"<p>Ihr Bildungsinstitut im Herzen von Osterode In freundlicher und entspannter Atmosph\u00e4re bieten wir seit \u00fcber 25 Jahren Kindern, Jugendlichen und Erwachsenen Nachhilfe, Sprachunterricht und Bewerbungstraining an. Unterricht findet montags bis freitags zwischen 9.00 und 21.00 &hellip; <a href=\"http:\/\/lernforum.com\/WordPress_02\/\">Weiterlesen<\/a><\/p>\n","protected":false},"author":1,"featured_media":0,"parent":0,"menu_order":1,"comment_status":"closed","ping_status":"closed","template":"","meta":[],"_links":{"self":[{"href":"http:\/\/lernforum.com\/WordPress_02\/wp-json\/wp\/v2\/pages\/36"}],"collection":[{"href":"http:\/\/lernforum.com\/WordPress_02\/wp-json\/wp\/v2\/pages"}],"about":[{"href":"http:\/\/lernforum.com\/WordPress_02\/wp-json\/wp\/v2\/types\/page"}],"author":[{"embeddable":true,"href":"http:\/\/lernforum.com\/WordPress_02\/wp-json\/wp\/v2\/users\/1"}],"replies":[{"embeddable":true,"href":"http:\/\/lernforum.com\/WordPress_02\/wp-json\/wp\/v2\/comments?post=36"}],"version-history":[{"count":126,"href":"http:\/\/lernforum.com\/WordPress_02\/wp-json\/wp\/v2\/pages\/36\/revisions"}],"predecessor-version":[{"id":555,"href":"http:\/\/lernforum.com\/WordPress_02\/wp-json\/wp\/v2\/pages\/36\/revisions\/555"}],"wp:attachment":[{"href":"http:\/\/lernforum.com\/WordPress_02\/wp-json\/wp\/v2\/media?parent=36"}],"curies":[{"name":"wp","href":"https:\/\/api.w.org\/{rel}","templated":true}]}}